{"id":3296,"date":"2021-11-18T11:26:36","date_gmt":"2021-11-18T10:26:36","guid":{"rendered":"https:\/\/carrefourdespatrimoines.fr\/boutique\/"},"modified":"2025-02-14T14:01:07","modified_gmt":"2025-02-14T13:01:07","slug":"editions","status":"publish","type":"page","link":"https:\/\/carrefourdespatrimoines.fr\/?page_id=3296","title":{"rendered":"Les \u00e9ditions"},"content":{"rendered":"\t\t<div data-elementor-type=\"wp-page\" data-elementor-id=\"3296\" class=\"elementor elementor-3296\">\n\t\t\t\t\t\t<div class=\"elementor-inner\">\n\t\t\t\t<div class=\"elementor-section-wrap\">\n\t\t\t\t\t\t\t\t\t<section class=\"elementor-section elementor-top-section elementor-element elementor-element-4928b22 elementor-section-boxed elementor-section-height-default elementor-section-height-default sc_fly_static\" data-id=\"4928b22\" data-element_type=\"section\">\n\t\t\t\t\t\t<div class=\"elementor-container elementor-column-gap-extended\">\n\t\t\t\t\t\t\t<div class=\"elementor-row\">\n\t\t\t\t\t<div class=\"elementor-column elementor-col-100 elementor-top-column elementor-element elementor-element-8fa8909 sc_inner_width_none sc_content_align_inherit sc_layouts_column_icons_position_left sc_fly_static\" data-id=\"8fa8909\" data-element_type=\"column\">\n\t\t\t<div class=\"elementor-column-wrap elementor-element-populated\">\n\t\t\t\t\t\t\t<div class=\"elementor-widget-wrap\">\n\t\t\t\t\t\t<div class=\"elementor-element elementor-element-9d30fab animation_type_block sc_fly_static elementor-widget elementor-widget-heading\" data-id=\"9d30fab\" data-element_type=\"widget\" data-widget_type=\"heading.default\">\n\t\t\t\t<div class=\"elementor-widget-container\">\n\t\t\t<h3 class=\"elementor-heading-title elementor-size-default\">QUOI DE NEUF AUX EDITIONS SAMC ?<\/h3>\t\t<\/div>\n\t\t\t\t<\/div>\n\t\t\t\t\t\t<\/div>\n\t\t\t\t\t<\/div>\n\t\t<\/div>\n\t\t\t\t\t\t\t\t<\/div>\n\t\t\t\t\t<\/div>\n\t\t<\/section>\n\t\t\t\t<section class=\"elementor-section elementor-top-section elementor-element elementor-element-990dc8c elementor-section-boxed elementor-section-height-default elementor-section-height-default sc_fly_static\" data-id=\"990dc8c\" data-element_type=\"section\">\n\t\t\t\t\t\t<div class=\"elementor-container elementor-column-gap-extended\">\n\t\t\t\t\t\t\t<div class=\"elementor-row\">\n\t\t\t\t\t<div class=\"elementor-column elementor-col-100 elementor-top-column elementor-element elementor-element-ea5ee0b sc_inner_width_none sc_content_align_inherit sc_layouts_column_icons_position_left sc_fly_static\" data-id=\"ea5ee0b\" data-element_type=\"column\">\n\t\t\t<div class=\"elementor-column-wrap elementor-element-populated\">\n\t\t\t\t\t\t\t<div class=\"elementor-widget-wrap\">\n\t\t\t\t\t\t<div class=\"elementor-element elementor-element-136ff2c animation_type_block sc_fly_static elementor-widget elementor-widget-text-editor\" data-id=\"136ff2c\" data-element_type=\"widget\" data-widget_type=\"text-editor.default\">\n\t\t\t\t<div class=\"elementor-widget-container\">\n\t\t\t\t\t\t\t\t<div class=\"elementor-text-editor elementor-clearfix\">\n\t\t\t\t<p>C&#8217;est au cours de l&#8217;ann\u00e9e 2020-2021 que la Soci\u00e9t\u00e9 des Amis de Madame Campan a pu concr\u00e9tiser une id\u00e9e de longue date et devenir \u00e9ditrice de ses propres \u00e9crits !<\/p><p>Un pari r\u00e9ussi puisque notre association propose trois ouvrages en vente au Mus\u00e9e <strong><em>Carrefour des Patrimoines<\/em><\/strong> \u00e0 Campan mais aussi dans plusieurs librairies locales telles que\u00a0<a href=\"https:\/\/www.livres-posters-pyrenees.com\/\"><strong><em>Aupr\u00e8s de Pyr\u00e8ne<\/em><\/strong> \u00e0 Bagn\u00e8res de Bigorr<\/a>e, l&#8217;espace culturel ELeclerc Le M\u00e9ridin d&#8217;Ibos, etc&#8230;\u00a0\u00a0<\/p>\t\t\t\t\t<\/div>\n\t\t\t\t\t\t<\/div>\n\t\t\t\t<\/div>\n\t\t\t\t\t\t<\/div>\n\t\t\t\t\t<\/div>\n\t\t<\/div>\n\t\t\t\t\t\t\t\t<\/div>\n\t\t\t\t\t<\/div>\n\t\t<\/section>\n\t\t\t\t<section class=\"elementor-section elementor-top-section elementor-element elementor-element-89af84d elementor-section-boxed elementor-section-height-default elementor-section-height-default sc_fly_static\" data-id=\"89af84d\" data-element_type=\"section\">\n\t\t\t\t\t\t<div class=\"elementor-container elementor-column-gap-extended\">\n\t\t\t\t\t\t\t<div class=\"elementor-row\">\n\t\t\t\t\t<div class=\"elementor-column elementor-col-100 elementor-top-column elementor-element elementor-element-f274c49 sc_inner_width_none sc_content_align_inherit sc_layouts_column_icons_position_left sc_fly_static\" data-id=\"f274c49\" data-element_type=\"column\">\n\t\t\t<div class=\"elementor-column-wrap elementor-element-populated\">\n\t\t\t\t\t\t\t<div class=\"elementor-widget-wrap\">\n\t\t\t\t\t\t<div class=\"elementor-element elementor-element-ffdf0d0 elementor-widget-divider--view-line animation_type_block sc_fly_static elementor-widget elementor-widget-divider\" data-id=\"ffdf0d0\" data-element_type=\"widget\" data-widget_type=\"divider.default\">\n\t\t\t\t<div class=\"elementor-widget-container\">\n\t\t\t\t\t<div class=\"elementor-divider\">\n\t\t\t<span class=\"elementor-divider-separator\">\n\t\t\t\t\t\t<\/span>\n\t\t<\/div>\n\t\t\t\t<\/div>\n\t\t\t\t<\/div>\n\t\t\t\t<div class=\"elementor-element elementor-element-76e5f21 animation_type_block sc_fly_static elementor-widget elementor-widget-spacer\" data-id=\"76e5f21\" data-element_type=\"widget\" data-widget_type=\"spacer.default\">\n\t\t\t\t<div class=\"elementor-widget-container\">\n\t\t\t\t\t<div class=\"elementor-spacer\">\n\t\t\t<div class=\"elementor-spacer-inner\"><\/div>\n\t\t<\/div>\n\t\t\t\t<\/div>\n\t\t\t\t<\/div>\n\t\t\t\t\t\t<\/div>\n\t\t\t\t\t<\/div>\n\t\t<\/div>\n\t\t\t\t\t\t\t\t<\/div>\n\t\t\t\t\t<\/div>\n\t\t<\/section>\n\t\t\t\t<section class=\"elementor-section elementor-top-section elementor-element elementor-element-dfc30d5 elementor-section-boxed elementor-section-height-default elementor-section-height-default sc_fly_static\" data-id=\"dfc30d5\" data-element_type=\"section\">\n\t\t\t\t\t\t<div class=\"elementor-container elementor-column-gap-extended\">\n\t\t\t\t\t\t\t<div class=\"elementor-row\">\n\t\t\t\t\t<div class=\"elementor-column elementor-col-100 elementor-top-column elementor-element elementor-element-75d2f45 sc_inner_width_none sc_content_align_inherit sc_layouts_column_icons_position_left sc_fly_static\" data-id=\"75d2f45\" data-element_type=\"column\">\n\t\t\t<div class=\"elementor-column-wrap elementor-element-populated\">\n\t\t\t\t\t\t\t<div class=\"elementor-widget-wrap\">\n\t\t\t\t\t\t<div class=\"elementor-element elementor-element-a505e26 animation_type_block sc_fly_static elementor-widget elementor-widget-text-editor\" data-id=\"a505e26\" data-element_type=\"widget\" data-widget_type=\"text-editor.default\">\n\t\t\t\t<div class=\"elementor-widget-container\">\n\t\t\t\t\t\t\t\t<div class=\"elementor-text-editor elementor-clearfix\">\n\t\t\t\t<h6><span style=\"color: #000000;\">Sentiers et Court\u00e0ous en vall\u00e9e de Campan<\/span> (15\u20ac)<\/h6><p><span style=\"font-size: 18px; letter-spacing: 0.04em;\">Facile et tr\u00e8s agr\u00e9able \u00e0 lire, c&#8217;est LE guide de rando \u00e0 glisser dans son sac \u00e0 dos !<\/span><\/p><p>Avec sa carte d\u00e9pliante int\u00e9gr\u00e9e, ses indications pr\u00e9cises et ses nombreuses illustrations, ce guide vous permettra de sillonner les plus beaux itin\u00e9raires de la vall\u00e9e.\u00a0<span style=\"font-size: 18px; letter-spacing: 0.04em;\">\u00a0<\/span><\/p>\t\t\t\t\t<\/div>\n\t\t\t\t\t\t<\/div>\n\t\t\t\t<\/div>\n\t\t\t\t<div class=\"elementor-element elementor-element-fa6d624 animation_type_block sc_fly_static elementor-widget elementor-widget-spacer\" data-id=\"fa6d624\" data-element_type=\"widget\" data-widget_type=\"spacer.default\">\n\t\t\t\t<div class=\"elementor-widget-container\">\n\t\t\t\t\t<div class=\"elementor-spacer\">\n\t\t\t<div class=\"elementor-spacer-inner\"><\/div>\n\t\t<\/div>\n\t\t\t\t<\/div>\n\t\t\t\t<\/div>\n\t\t\t\t\t\t<\/div>\n\t\t\t\t\t<\/div>\n\t\t<\/div>\n\t\t\t\t\t\t\t\t<\/div>\n\t\t\t\t\t<\/div>\n\t\t<\/section>\n\t\t\t\t<section class=\"elementor-section elementor-top-section elementor-element elementor-element-21ac66e elementor-section-boxed elementor-section-height-default elementor-section-height-default sc_fly_static\" data-id=\"21ac66e\" data-element_type=\"section\">\n\t\t\t\t\t\t<div class=\"elementor-container elementor-column-gap-extended\">\n\t\t\t\t\t\t\t<div class=\"elementor-row\">\n\t\t\t\t\t<div class=\"elementor-column elementor-col-100 elementor-top-column elementor-element elementor-element-22b6f7f sc_inner_width_none sc_content_align_inherit sc_layouts_column_icons_position_left sc_fly_static\" data-id=\"22b6f7f\" data-element_type=\"column\">\n\t\t\t<div class=\"elementor-column-wrap elementor-element-populated\">\n\t\t\t\t\t\t\t<div class=\"elementor-widget-wrap\">\n\t\t\t\t\t\t<div class=\"elementor-element elementor-element-b8847bf animation_type_block sc_fly_static elementor-widget elementor-widget-spacer\" data-id=\"b8847bf\" data-element_type=\"widget\" data-widget_type=\"spacer.default\">\n\t\t\t\t<div class=\"elementor-widget-container\">\n\t\t\t\t\t<div class=\"elementor-spacer\">\n\t\t\t<div class=\"elementor-spacer-inner\"><\/div>\n\t\t<\/div>\n\t\t\t\t<\/div>\n\t\t\t\t<\/div>\n\t\t\t\t\t\t<\/div>\n\t\t\t\t\t<\/div>\n\t\t<\/div>\n\t\t\t\t\t\t\t\t<\/div>\n\t\t\t\t\t<\/div>\n\t\t<\/section>\n\t\t\t\t<section class=\"elementor-section elementor-top-section elementor-element elementor-element-9a8e3aa elementor-section-boxed elementor-section-height-default elementor-section-height-default sc_fly_static\" data-id=\"9a8e3aa\" data-element_type=\"section\">\n\t\t\t\t\t\t<div class=\"elementor-container elementor-column-gap-extended\">\n\t\t\t\t\t\t\t<div class=\"elementor-row\">\n\t\t\t\t\t<div class=\"elementor-column elementor-col-100 elementor-top-column elementor-element elementor-element-c38c720 sc_inner_width_none sc_content_align_inherit sc_layouts_column_icons_position_left sc_fly_static\" data-id=\"c38c720\" data-element_type=\"column\">\n\t\t\t<div class=\"elementor-column-wrap elementor-element-populated\">\n\t\t\t\t\t\t\t<div class=\"elementor-widget-wrap\">\n\t\t\t\t\t\t<div class=\"elementor-element elementor-element-9ac389d animation_type_block sc_fly_static elementor-widget elementor-widget-image\" data-id=\"9ac389d\" data-element_type=\"widget\" data-widget_type=\"image.default\">\n\t\t\t\t<div class=\"elementor-widget-container\">\n\t\t\t\t\t\t\t\t<div class=\"elementor-image\">\n\t\t\t\t\t\t\t\t\t\t\t\t<img loading=\"lazy\" decoding=\"async\" width=\"1024\" height=\"1024\" src=\"https:\/\/carrefourdespatrimoines.fr\/wp-content\/uploads\/2022\/06\/livre-courtaou-1024x1024.jpg\" class=\"attachment-large size-large wp-image-5392\" alt=\"\" srcset=\"https:\/\/carrefourdespatrimoines.fr\/wp-content\/uploads\/2022\/06\/livre-courtaou.jpg 1024w, https:\/\/carrefourdespatrimoines.fr\/wp-content\/uploads\/2022\/06\/livre-courtaou-300x300.jpg 300w, https:\/\/carrefourdespatrimoines.fr\/wp-content\/uploads\/2022\/06\/livre-courtaou-150x150.jpg 150w, https:\/\/carrefourdespatrimoines.fr\/wp-content\/uploads\/2022\/06\/livre-courtaou-768x768.jpg 768w, https:\/\/carrefourdespatrimoines.fr\/wp-content\/uploads\/2022\/06\/livre-courtaou-370x370.jpg 370w, https:\/\/carrefourdespatrimoines.fr\/wp-content\/uploads\/2022\/06\/livre-courtaou-90x90.jpg 90w, https:\/\/carrefourdespatrimoines.fr\/wp-content\/uploads\/2022\/06\/livre-courtaou-760x760.jpg 760w, https:\/\/carrefourdespatrimoines.fr\/wp-content\/uploads\/2022\/06\/livre-courtaou-600x600.jpg 600w, https:\/\/carrefourdespatrimoines.fr\/wp-content\/uploads\/2022\/06\/livre-courtaou-100x100.jpg 100w\" sizes=\"auto, (max-width: 1024px) 100vw, 1024px\" \/>\t\t\t\t\t\t\t\t\t\t\t\t\t\t<\/div>\n\t\t\t\t\t\t<\/div>\n\t\t\t\t<\/div>\n\t\t\t\t\t\t<\/div>\n\t\t\t\t\t<\/div>\n\t\t<\/div>\n\t\t\t\t\t\t\t\t<\/div>\n\t\t\t\t\t<\/div>\n\t\t<\/section>\n\t\t\t\t<section class=\"elementor-section elementor-top-section elementor-element elementor-element-37e0ce48 elementor-section-boxed elementor-section-height-default elementor-section-height-default sc_fly_static\" data-id=\"37e0ce48\" data-element_type=\"section\">\n\t\t\t\t\t\t<div class=\"elementor-container elementor-column-gap-no\">\n\t\t\t\t\t\t\t<div class=\"elementor-row\">\n\t\t\t\t\t<div class=\"elementor-column elementor-col-100 elementor-top-column elementor-element elementor-element-575dd112 sc_inner_width_none sc_content_align_inherit sc_layouts_column_icons_position_left sc_fly_static\" data-id=\"575dd112\" data-element_type=\"column\">\n\t\t\t<div class=\"elementor-column-wrap elementor-element-populated\">\n\t\t\t\t\t\t\t<div class=\"elementor-widget-wrap\">\n\t\t\t\t\t\t<div class=\"elementor-element elementor-element-359a694 sc_height_medium animation_type_block sc_fly_static elementor-widget elementor-widget-spacer\" data-id=\"359a694\" data-element_type=\"widget\" data-widget_type=\"spacer.default\">\n\t\t\t\t<div class=\"elementor-widget-container\">\n\t\t\t\t\t<div class=\"elementor-spacer\">\n\t\t\t<div class=\"elementor-spacer-inner\"><\/div>\n\t\t<\/div>\n\t\t\t\t<\/div>\n\t\t\t\t<\/div>\n\t\t\t\t<div class=\"elementor-element elementor-element-267a5f6f animation_type_block sc_fly_static elementor-widget elementor-widget-text-editor\" data-id=\"267a5f6f\" data-element_type=\"widget\" data-widget_type=\"text-editor.default\">\n\t\t\t\t<div class=\"elementor-widget-container\">\n\t\t\t\t\t\t\t\t<div class=\"elementor-text-editor elementor-clearfix\">\n\t\t\t\t<h6>Campan, voyages aux sources de l\u2019Adour (20\u20ac)<\/h6><p>Facile, agr\u00e9able \u00e0 lire et bien illustr\u00e9, ce livre est un souvenir de voyage \u00e0 lui seul !\u00a0<\/p><p>Paysages, traditions locales, pastoralisme, personnages c\u00e9l\u00e8bres&#8230; toutes les th\u00e9matiques sont abord\u00e9es pour vous permettre de d\u00e9couvrir les nombreux secrets de la vall\u00e9e de Campan.<\/p><p>Mention sp\u00e9ciale pour les anecdotes qui titillent merveilleusement notre curiosit\u00e9 !<\/p>\t\t\t\t\t<\/div>\n\t\t\t\t\t\t<\/div>\n\t\t\t\t<\/div>\n\t\t\t\t<div class=\"elementor-element elementor-element-799275d0 animation_type_block sc_fly_static elementor-widget elementor-widget-spacer\" data-id=\"799275d0\" data-element_type=\"widget\" data-widget_type=\"spacer.default\">\n\t\t\t\t<div class=\"elementor-widget-container\">\n\t\t\t\t\t<div class=\"elementor-spacer\">\n\t\t\t<div class=\"elementor-spacer-inner\"><\/div>\n\t\t<\/div>\n\t\t\t\t<\/div>\n\t\t\t\t<\/div>\n\t\t\t\t<div class=\"elementor-element elementor-element-11b3d94e sc_height_medium animation_type_block sc_fly_static elementor-widget elementor-widget-spacer\" data-id=\"11b3d94e\" data-element_type=\"widget\" data-widget_type=\"spacer.default\">\n\t\t\t\t<div class=\"elementor-widget-container\">\n\t\t\t\t\t<div class=\"elementor-spacer\">\n\t\t\t<div class=\"elementor-spacer-inner\"><\/div>\n\t\t<\/div>\n\t\t\t\t<\/div>\n\t\t\t\t<\/div>\n\t\t\t\t<div class=\"elementor-element elementor-element-23e71ccb animation_type_block sc_fly_static elementor-widget elementor-widget-image\" data-id=\"23e71ccb\" data-element_type=\"widget\" data-widget_type=\"image.default\">\n\t\t\t\t<div class=\"elementor-widget-container\">\n\t\t\t\t\t\t\t\t<div class=\"elementor-image\">\n\t\t\t\t\t\t\t\t\t\t\t\t<img loading=\"lazy\" decoding=\"async\" width=\"1024\" height=\"1024\" src=\"https:\/\/carrefourdespatrimoines.fr\/wp-content\/uploads\/2021\/11\/livre-amis-2-1024x1024.jpg\" class=\"attachment-large size-large wp-image-3355\" alt=\"\" srcset=\"https:\/\/carrefourdespatrimoines.fr\/wp-content\/uploads\/2021\/11\/livre-amis-2-1024x1024.jpg 1024w, https:\/\/carrefourdespatrimoines.fr\/wp-content\/uploads\/2021\/11\/livre-amis-2-300x300.jpg 300w, https:\/\/carrefourdespatrimoines.fr\/wp-content\/uploads\/2021\/11\/livre-amis-2-150x150.jpg 150w, https:\/\/carrefourdespatrimoines.fr\/wp-content\/uploads\/2021\/11\/livre-amis-2-768x768.jpg 768w, https:\/\/carrefourdespatrimoines.fr\/wp-content\/uploads\/2021\/11\/livre-amis-2-370x370.jpg 370w, https:\/\/carrefourdespatrimoines.fr\/wp-content\/uploads\/2021\/11\/livre-amis-2-90x90.jpg 90w, https:\/\/carrefourdespatrimoines.fr\/wp-content\/uploads\/2021\/11\/livre-amis-2-760x760.jpg 760w, https:\/\/carrefourdespatrimoines.fr\/wp-content\/uploads\/2021\/11\/livre-amis-2-600x600.jpg 600w, https:\/\/carrefourdespatrimoines.fr\/wp-content\/uploads\/2021\/11\/livre-amis-2-100x100.jpg 100w, https:\/\/carrefourdespatrimoines.fr\/wp-content\/uploads\/2021\/11\/livre-amis-2.jpg 1500w\" sizes=\"auto, (max-width: 1024px) 100vw, 1024px\" \/>\t\t\t\t\t\t\t\t\t\t\t\t\t\t<\/div>\n\t\t\t\t\t\t<\/div>\n\t\t\t\t<\/div>\n\t\t\t\t<div class=\"elementor-element elementor-element-6b02a923 sc_height_medium animation_type_block sc_fly_static elementor-widget elementor-widget-spacer\" data-id=\"6b02a923\" data-element_type=\"widget\" data-widget_type=\"spacer.default\">\n\t\t\t\t<div class=\"elementor-widget-container\">\n\t\t\t\t\t<div class=\"elementor-spacer\">\n\t\t\t<div class=\"elementor-spacer-inner\"><\/div>\n\t\t<\/div>\n\t\t\t\t<\/div>\n\t\t\t\t<\/div>\n\t\t\t\t\t\t<\/div>\n\t\t\t\t\t<\/div>\n\t\t<\/div>\n\t\t\t\t\t\t\t\t<\/div>\n\t\t\t\t\t<\/div>\n\t\t<\/section>\n\t\t\t\t<section class=\"elementor-section elementor-top-section elementor-element elementor-element-12f75b0b elementor-section-boxed elementor-section-height-default elementor-section-height-default sc_fly_static\" data-id=\"12f75b0b\" data-element_type=\"section\">\n\t\t\t\t\t\t<div class=\"elementor-container elementor-column-gap-no\">\n\t\t\t\t\t\t\t<div class=\"elementor-row\">\n\t\t\t\t\t<div class=\"elementor-column elementor-col-100 elementor-top-column elementor-element elementor-element-e1f7f36 sc_inner_width_none sc_content_align_inherit sc_layouts_column_icons_position_left sc_fly_static\" data-id=\"e1f7f36\" data-element_type=\"column\">\n\t\t\t<div class=\"elementor-column-wrap elementor-element-populated\">\n\t\t\t\t\t\t\t<div class=\"elementor-widget-wrap\">\n\t\t\t\t\t\t<div class=\"elementor-element elementor-element-47cd41f9 animation_type_block sc_fly_static elementor-widget elementor-widget-text-editor\" data-id=\"47cd41f9\" data-element_type=\"widget\" data-widget_type=\"text-editor.default\">\n\t\t\t\t<div class=\"elementor-widget-container\">\n\t\t\t\t\t\t\t\t<div class=\"elementor-text-editor elementor-clearfix\">\n\t\t\t\t<h6>Chronique impertinente des Gasconnes, Vascons et autres Basques (20\u20ac)<\/h6><p><span style=\"font-size: 18px; letter-spacing: 0.04em;\">Agr\u00e9able \u00e0 lire et richement illustr\u00e9, cet ouvrage permet de r\u00e9sumer efficacement la grande Histoire des Pyr\u00e9n\u00e9es, de ses vall\u00e9es et des ses personnages incontournables.<\/span><\/p><p>Mention sp\u00e9ciale pour le remarquable travail de recherches et la synth\u00e8se effectu\u00e9e pour que chacun puisse comprendre les origines historiques de la &#8220;culture gasconne&#8221;.\u00a0<\/p><p>\u00a0<\/p>\t\t\t\t\t<\/div>\n\t\t\t\t\t\t<\/div>\n\t\t\t\t<\/div>\n\t\t\t\t<div class=\"elementor-element elementor-element-e17d382 animation_type_block sc_fly_static elementor-widget elementor-widget-text-editor\" data-id=\"e17d382\" data-element_type=\"widget\" data-widget_type=\"text-editor.default\">\n\t\t\t\t<div class=\"elementor-widget-container\">\n\t\t\t\t\t\t\t\t<div class=\"elementor-text-editor elementor-clearfix\">\n\t\t\t\t\t\t\t\t\t<\/div>\n\t\t\t\t\t\t<\/div>\n\t\t\t\t<\/div>\n\t\t\t\t<div class=\"elementor-element elementor-element-79fbd272 animation_type_block sc_fly_static elementor-widget elementor-widget-spacer\" data-id=\"79fbd272\" data-element_type=\"widget\" data-widget_type=\"spacer.default\">\n\t\t\t\t<div class=\"elementor-widget-container\">\n\t\t\t\t\t<div class=\"elementor-spacer\">\n\t\t\t<div class=\"elementor-spacer-inner\"><\/div>\n\t\t<\/div>\n\t\t\t\t<\/div>\n\t\t\t\t<\/div>\n\t\t\t\t<div class=\"elementor-element elementor-element-75df9ae5 animation_type_block sc_fly_static elementor-widget elementor-widget-image\" data-id=\"75df9ae5\" data-element_type=\"widget\" data-widget_type=\"image.default\">\n\t\t\t\t<div class=\"elementor-widget-container\">\n\t\t\t\t\t\t\t\t<div class=\"elementor-image\">\n\t\t\t\t\t\t\t\t\t\t\t\t<img loading=\"lazy\" decoding=\"async\" width=\"1024\" height=\"1024\" src=\"https:\/\/carrefourdespatrimoines.fr\/wp-content\/uploads\/2021\/11\/livre-didier-2-1024x1024.jpg\" class=\"attachment-large size-large wp-image-3323\" alt=\"\" srcset=\"https:\/\/carrefourdespatrimoines.fr\/wp-content\/uploads\/2021\/11\/livre-didier-2-1024x1024.jpg 1024w, https:\/\/carrefourdespatrimoines.fr\/wp-content\/uploads\/2021\/11\/livre-didier-2-300x300.jpg 300w, https:\/\/carrefourdespatrimoines.fr\/wp-content\/uploads\/2021\/11\/livre-didier-2-150x150.jpg 150w, https:\/\/carrefourdespatrimoines.fr\/wp-content\/uploads\/2021\/11\/livre-didier-2-768x768.jpg 768w, https:\/\/carrefourdespatrimoines.fr\/wp-content\/uploads\/2021\/11\/livre-didier-2-370x370.jpg 370w, https:\/\/carrefourdespatrimoines.fr\/wp-content\/uploads\/2021\/11\/livre-didier-2-90x90.jpg 90w, https:\/\/carrefourdespatrimoines.fr\/wp-content\/uploads\/2021\/11\/livre-didier-2-760x760.jpg 760w, https:\/\/carrefourdespatrimoines.fr\/wp-content\/uploads\/2021\/11\/livre-didier-2-600x600.jpg 600w, https:\/\/carrefourdespatrimoines.fr\/wp-content\/uploads\/2021\/11\/livre-didier-2-100x100.jpg 100w, https:\/\/carrefourdespatrimoines.fr\/wp-content\/uploads\/2021\/11\/livre-didier-2.jpg 1500w\" sizes=\"auto, (max-width: 1024px) 100vw, 1024px\" \/>\t\t\t\t\t\t\t\t\t\t\t\t\t\t<\/div>\n\t\t\t\t\t\t<\/div>\n\t\t\t\t<\/div>\n\t\t\t\t\t\t<\/div>\n\t\t\t\t\t<\/div>\n\t\t<\/div>\n\t\t\t\t\t\t\t\t<\/div>\n\t\t\t\t\t<\/div>\n\t\t<\/section>\n\t\t\t\t<section class=\"elementor-section elementor-top-section elementor-element elementor-element-91a2f96 elementor-section-boxed elementor-section-height-default elementor-section-height-default sc_fly_static\" data-id=\"91a2f96\" data-element_type=\"section\">\n\t\t\t\t\t\t<div class=\"elementor-container elementor-column-gap-extended\">\n\t\t\t\t\t\t\t<div class=\"elementor-row\">\n\t\t\t\t\t<div class=\"elementor-column elementor-col-100 elementor-top-column elementor-element elementor-element-00096e4 sc_inner_width_none sc_content_align_inherit sc_layouts_column_icons_position_left sc_fly_static\" data-id=\"00096e4\" data-element_type=\"column\">\n\t\t\t<div class=\"elementor-column-wrap elementor-element-populated\">\n\t\t\t\t\t\t\t<div class=\"elementor-widget-wrap\">\n\t\t\t\t\t\t<div class=\"elementor-element elementor-element-de69438 animation_type_block sc_fly_static elementor-widget elementor-widget-spacer\" data-id=\"de69438\" data-element_type=\"widget\" data-widget_type=\"spacer.default\">\n\t\t\t\t<div class=\"elementor-widget-container\">\n\t\t\t\t\t<div class=\"elementor-spacer\">\n\t\t\t<div class=\"elementor-spacer-inner\"><\/div>\n\t\t<\/div>\n\t\t\t\t<\/div>\n\t\t\t\t<\/div>\n\t\t\t\t\t\t<\/div>\n\t\t\t\t\t<\/div>\n\t\t<\/div>\n\t\t\t\t\t\t\t\t<\/div>\n\t\t\t\t\t<\/div>\n\t\t<\/section>\n\t\t\t\t\t\t\t\t\t<\/div>\n\t\t\t<\/div>\n\t\t\t\t\t<\/div>\n\t\t","protected":false},"excerpt":{"rendered":"<p>QUOI DE NEUF AUX EDITIONS SAMC ? C&#8217;est au cours de l&#8217;ann\u00e9e 2020-2021 que la Soci\u00e9t\u00e9 des Amis de Madame Campan a pu concr\u00e9tiser une id\u00e9e de longue date et&hellip;<\/p>\n","protected":false},"author":1,"featured_media":0,"parent":0,"menu_order":0,"comment_status":"closed","ping_status":"closed","template":"","meta":{"footnotes":""},"class_list":["post-3296","page","type-page","status-publish","hentry"],"_links":{"self":[{"href":"https:\/\/carrefourdespatrimoines.fr\/index.php?rest_route=\/wp\/v2\/pages\/3296","targetHints":{"allow":["GET"]}}],"collection":[{"href":"https:\/\/carrefourdespatrimoines.fr\/index.php?rest_route=\/wp\/v2\/pages"}],"about":[{"href":"https:\/\/carrefourdespatrimoines.fr\/index.php?rest_route=\/wp\/v2\/types\/page"}],"author":[{"embeddable":true,"href":"https:\/\/carrefourdespatrimoines.fr\/index.php?rest_route=\/wp\/v2\/users\/1"}],"replies":[{"embeddable":true,"href":"https:\/\/carrefourdespatrimoines.fr\/index.php?rest_route=%2Fwp%2Fv2%2Fcomments&post=3296"}],"version-history":[{"count":82,"href":"https:\/\/carrefourdespatrimoines.fr\/index.php?rest_route=\/wp\/v2\/pages\/3296\/revisions"}],"predecessor-version":[{"id":6449,"href":"https:\/\/carrefourdespatrimoines.fr\/index.php?rest_route=\/wp\/v2\/pages\/3296\/revisions\/6449"}],"wp:attachment":[{"href":"https:\/\/carrefourdespatrimoines.fr\/index.php?rest_route=%2Fwp%2Fv2%2Fmedia&parent=3296"}],"curies":[{"name":"wp","href":"https:\/\/api.w.org\/{rel}","templated":true}]}}