{"id":2680,"date":"2021-11-08T14:36:21","date_gmt":"2021-11-08T13:36:21","guid":{"rendered":"http:\/\/carrefourdespatrimoines.fr\/?page_id=2680"},"modified":"2025-06-10T16:56:37","modified_gmt":"2025-06-10T14:56:37","slug":"lassociation","status":"publish","type":"page","link":"https:\/\/carrefourdespatrimoines.fr\/?page_id=2680","title":{"rendered":"L&#8217;association"},"content":{"rendered":"\t\t<div data-elementor-type=\"wp-post\" data-elementor-id=\"2680\" class=\"elementor elementor-2680\">\n\t\t\t\t\t\t<div class=\"elementor-inner\">\n\t\t\t\t<div class=\"elementor-section-wrap\">\n\t\t\t\t\t\t\t\t\t<section class=\"elementor-section elementor-top-section elementor-element elementor-element-cc8ae29 elementor-section-boxed elementor-section-height-default elementor-section-height-default sc_fly_static\" data-id=\"cc8ae29\" data-element_type=\"section\">\n\t\t\t\t\t\t<div class=\"elementor-container elementor-column-gap-extended\">\n\t\t\t\t\t\t\t<div class=\"elementor-row\">\n\t\t\t\t\t<div class=\"elementor-column elementor-col-100 elementor-top-column elementor-element elementor-element-e69995f sc_inner_width_none sc_content_align_inherit sc_layouts_column_icons_position_left sc_fly_static\" data-id=\"e69995f\" data-element_type=\"column\">\n\t\t\t<div class=\"elementor-column-wrap elementor-element-populated\">\n\t\t\t\t\t\t\t<div class=\"elementor-widget-wrap\">\n\t\t\t\t\t\t<div class=\"elementor-element elementor-element-406c0ed sc_height_large animation_type_block sc_fly_static elementor-widget elementor-widget-spacer\" data-id=\"406c0ed\" data-element_type=\"widget\" data-widget_type=\"spacer.default\">\n\t\t\t\t<div class=\"elementor-widget-container\">\n\t\t\t\t\t<div class=\"elementor-spacer\">\n\t\t\t<div class=\"elementor-spacer-inner\"><\/div>\n\t\t<\/div>\n\t\t\t\t<\/div>\n\t\t\t\t<\/div>\n\t\t\t\t\t\t<\/div>\n\t\t\t\t\t<\/div>\n\t\t<\/div>\n\t\t\t\t\t\t\t\t<\/div>\n\t\t\t\t\t<\/div>\n\t\t<\/section>\n\t\t\t\t<section class=\"elementor-section elementor-top-section elementor-element elementor-element-13509a05 elementor-section-boxed elementor-section-height-default elementor-section-height-default sc_fly_static\" data-id=\"13509a05\" data-element_type=\"section\">\n\t\t\t\t\t\t<div class=\"elementor-container elementor-column-gap-extended\">\n\t\t\t\t\t\t\t<div class=\"elementor-row\">\n\t\t\t\t\t<div class=\"elementor-column elementor-col-33 elementor-top-column elementor-element elementor-element-6afc0f33 sc_inner_width_none sc_content_align_inherit sc_layouts_column_icons_position_left sc_fly_static\" data-id=\"6afc0f33\" data-element_type=\"column\">\n\t\t\t<div class=\"elementor-column-wrap elementor-element-populated\">\n\t\t\t\t\t\t\t<div class=\"elementor-widget-wrap\">\n\t\t\t\t\t\t<div class=\"elementor-element elementor-element-2fbb8a74 animation_type_block sc_fly_static elementor-invisible elementor-widget elementor-widget-trx_sc_title\" data-id=\"2fbb8a74\" data-element_type=\"widget\" data-settings=\"{&quot;_animation&quot;:&quot;fadeInLeft&quot;}\" data-widget_type=\"trx_sc_title.default\">\n\t\t\t\t<div class=\"elementor-widget-container\">\n\t\t\t<div\t\tclass=\"sc_title sc_title_default\"><h1 class=\"sc_item_title sc_title_title sc_item_title_style_default sc_item_title_tag\"\n\t\t\t><span class=\"sc_item_title_text\">Soci\u00e9t\u00e9 des Amis de Mme Campan<\/span><\/h1><div class=\"sc_item_descr sc_title_descr\"><p>Notre association \u00ab les Amis de Madame Campan \u00bb s\u2019active depuis 20 ans maintenant pour maintenir vivante une culture locale et la m\u00e9moire de ce que fut notre village de Campan et plus g\u00e9n\u00e9ralement l\u2019ensemble  du Haut Adour. Nous cherchons \u00e0 montrer et valoriser tout son pass\u00e9 et son lien avec le pr\u00e9sent, l\u2019intelligence et l\u2019industrie de ses hommes, leur intuition, leur ind\u00e9pendance, leur courage et leurs ambitions collectives. Notre association se veut rassembleuse, culturelle, ouverte dans l\u2019esprit d\u2019ouverture, d\u2019initiative et de culture de Madame Campan qui, \u00e0 son \u00e9poque, avait su marquer son temps. Pour aboutir dans nos objectifs nous nous appuyons sur l\u2019ouverture permanente au public tout au long de l\u2019ann\u00e9e, d\u2019un mus\u00e9e \u00ab Carrefour des Patrimoines \u00bb, r\u00e9cemment compl\u00e8tement r\u00e9am\u00e9nag\u00e9 par la r\u00e9habilitation de l\u2019ancienne \u00e9cole des gar\u00e7ons du village de Campan. Le second volet majeur est l\u2019organisation de diff\u00e9rentes manifestations de masse et de qualit\u00e9 dont la plus marquante est l\u2019exposition d\u2019Aquarelles.<\/p>\n<\/div><\/div>\t\t<\/div>\n\t\t\t\t<\/div>\n\t\t\t\t<div class=\"elementor-element elementor-element-68e69dd5 animation_type_block sc_fly_static elementor-invisible elementor-widget elementor-widget-text-editor\" data-id=\"68e69dd5\" data-element_type=\"widget\" data-settings=\"{&quot;_animation&quot;:&quot;fadeInLeft&quot;}\" data-widget_type=\"text-editor.default\">\n\t\t\t\t<div class=\"elementor-widget-container\">\n\t\t\t\t\t\t\t\t<div class=\"elementor-text-editor elementor-clearfix\">\n\t\t\t\t\t\t\t\t\t<\/div>\n\t\t\t\t\t\t<\/div>\n\t\t\t\t<\/div>\n\t\t\t\t\t\t<\/div>\n\t\t\t\t\t<\/div>\n\t\t<\/div>\n\t\t\t\t<div class=\"elementor-column elementor-col-33 elementor-top-column elementor-element elementor-element-70d5645f sc_inner_width_none sc_content_align_inherit sc_layouts_column_icons_position_left sc_fly_static\" data-id=\"70d5645f\" data-element_type=\"column\">\n\t\t\t<div class=\"elementor-column-wrap\">\n\t\t\t\t\t\t\t<div class=\"elementor-widget-wrap\">\n\t\t\t\t\t\t\t\t<\/div>\n\t\t\t\t\t<\/div>\n\t\t<\/div>\n\t\t\t\t<div class=\"elementor-column elementor-col-33 elementor-top-column elementor-element elementor-element-730c2d34 sc_inner_width_none sc_content_align_inherit sc_layouts_column_icons_position_left sc_fly_static\" data-id=\"730c2d34\" data-element_type=\"column\">\n\t\t\t<div class=\"elementor-column-wrap elementor-element-populated\">\n\t\t\t\t\t\t\t<div class=\"elementor-widget-wrap\">\n\t\t\t\t\t\t<div class=\"elementor-element elementor-element-35181989 animation_type_block sc_fly_static elementor-invisible elementor-widget elementor-widget-image\" data-id=\"35181989\" data-element_type=\"widget\" data-settings=\"{&quot;_animation&quot;:&quot;fadeInUp&quot;}\" data-widget_type=\"image.default\">\n\t\t\t\t<div class=\"elementor-widget-container\">\n\t\t\t\t\t\t\t\t<div class=\"elementor-image\">\n\t\t\t\t\t\t\t\t\t\t\t\t<img loading=\"lazy\" decoding=\"async\" width=\"454\" height=\"156\" src=\"https:\/\/carrefourdespatrimoines.fr\/wp-content\/uploads\/2021\/11\/SAMC-logo.png\" class=\"attachment-large size-large wp-image-2683\" alt=\"\" srcset=\"https:\/\/carrefourdespatrimoines.fr\/wp-content\/uploads\/2021\/11\/SAMC-logo.png 454w, https:\/\/carrefourdespatrimoines.fr\/wp-content\/uploads\/2021\/11\/SAMC-logo-300x103.png 300w, https:\/\/carrefourdespatrimoines.fr\/wp-content\/uploads\/2021\/11\/SAMC-logo-370x127.png 370w\" sizes=\"auto, (max-width: 767px) 100vw, 454px\" \/>\t\t\t\t\t\t\t\t\t\t\t\t\t\t<\/div>\n\t\t\t\t\t\t<\/div>\n\t\t\t\t<\/div>\n\t\t\t\t<div class=\"elementor-element elementor-element-8b838d5 animation_type_block sc_fly_static elementor-widget elementor-widget-heading\" data-id=\"8b838d5\" data-element_type=\"widget\" data-widget_type=\"heading.default\">\n\t\t\t\t<div class=\"elementor-widget-container\">\n\t\t\t<h4 class=\"elementor-heading-title elementor-size-default\">\n\n<\/h4>\t\t<\/div>\n\t\t\t\t<\/div>\n\t\t\t\t<div class=\"elementor-element elementor-element-c185ff6 sc_height_tiny animation_type_block sc_fly_static elementor-widget elementor-widget-spacer\" data-id=\"c185ff6\" data-element_type=\"widget\" data-widget_type=\"spacer.default\">\n\t\t\t\t<div class=\"elementor-widget-container\">\n\t\t\t\t\t<div class=\"elementor-spacer\">\n\t\t\t<div class=\"elementor-spacer-inner\"><\/div>\n\t\t<\/div>\n\t\t\t\t<\/div>\n\t\t\t\t<\/div>\n\t\t\t\t<div class=\"elementor-element elementor-element-12856d5 animation_type_block sc_fly_static elementor-widget elementor-widget-image\" data-id=\"12856d5\" data-element_type=\"widget\" data-widget_type=\"image.default\">\n\t\t\t\t<div class=\"elementor-widget-container\">\n\t\t\t\t\t\t\t\t<div class=\"elementor-image\">\n\t\t\t\t\t\t\t\t\t\t\t\t<img loading=\"lazy\" decoding=\"async\" width=\"1024\" height=\"768\" src=\"https:\/\/carrefourdespatrimoines.fr\/wp-content\/uploads\/2021\/11\/asso-vernissage-1024x768.jpg\" class=\"attachment-large size-large wp-image-2719\" alt=\"\" srcset=\"https:\/\/carrefourdespatrimoines.fr\/wp-content\/uploads\/2021\/11\/asso-vernissage-1024x768.jpg 1024w, https:\/\/carrefourdespatrimoines.fr\/wp-content\/uploads\/2021\/11\/asso-vernissage-300x225.jpg 300w, https:\/\/carrefourdespatrimoines.fr\/wp-content\/uploads\/2021\/11\/asso-vernissage-600x450.jpg 600w, https:\/\/carrefourdespatrimoines.fr\/wp-content\/uploads\/2021\/11\/asso-vernissage-768x576.jpg 768w, https:\/\/carrefourdespatrimoines.fr\/wp-content\/uploads\/2021\/11\/asso-vernissage-1536x1152.jpg 1536w, https:\/\/carrefourdespatrimoines.fr\/wp-content\/uploads\/2021\/11\/asso-vernissage-370x278.jpg 370w, https:\/\/carrefourdespatrimoines.fr\/wp-content\/uploads\/2021\/11\/asso-vernissage-520x390.jpg 520w, https:\/\/carrefourdespatrimoines.fr\/wp-content\/uploads\/2021\/11\/asso-vernissage-760x570.jpg 760w, https:\/\/carrefourdespatrimoines.fr\/wp-content\/uploads\/2021\/11\/asso-vernissage.jpg 2000w\" sizes=\"auto, (max-width: 1024px) 100vw, 1024px\" \/>\t\t\t\t\t\t\t\t\t\t\t\t\t\t<\/div>\n\t\t\t\t\t\t<\/div>\n\t\t\t\t<\/div>\n\t\t\t\t\t\t<\/div>\n\t\t\t\t\t<\/div>\n\t\t<\/div>\n\t\t\t\t\t\t\t\t<\/div>\n\t\t\t\t\t<\/div>\n\t\t<\/section>\n\t\t\t\t<section class=\"elementor-section elementor-top-section elementor-element elementor-element-3101f9d elementor-section-boxed elementor-section-height-default elementor-section-height-default sc_fly_static\" data-id=\"3101f9d\" data-element_type=\"section\">\n\t\t\t\t\t\t<div class=\"elementor-container elementor-column-gap-extended\">\n\t\t\t\t\t\t\t<div class=\"elementor-row\">\n\t\t\t\t\t<div class=\"elementor-column elementor-col-100 elementor-top-column elementor-element elementor-element-ee1e938 sc_inner_width_none sc_content_align_inherit sc_layouts_column_icons_position_left sc_fly_static\" data-id=\"ee1e938\" data-element_type=\"column\">\n\t\t\t<div class=\"elementor-column-wrap elementor-element-populated\">\n\t\t\t\t\t\t\t<div class=\"elementor-widget-wrap\">\n\t\t\t\t\t\t<div class=\"elementor-element elementor-element-6d19eff animation_type_block sc_fly_static elementor-widget elementor-widget-heading\" data-id=\"6d19eff\" data-element_type=\"widget\" data-widget_type=\"heading.default\">\n\t\t\t\t<div class=\"elementor-widget-container\">\n\t\t\t<h4 class=\"elementor-heading-title elementor-size-default\">Les amis de Madame Campan c'est un mus\u00e9e mais c'est aussi des actions innovantes<\/h4>\t\t<\/div>\n\t\t\t\t<\/div>\n\t\t\t\t\t\t<\/div>\n\t\t\t\t\t<\/div>\n\t\t<\/div>\n\t\t\t\t\t\t\t\t<\/div>\n\t\t\t\t\t<\/div>\n\t\t<\/section>\n\t\t\t\t<section class=\"elementor-section elementor-top-section elementor-element elementor-element-d73b001 elementor-section-boxed elementor-section-height-default elementor-section-height-default sc_fly_static\" data-id=\"d73b001\" data-element_type=\"section\">\n\t\t\t\t\t\t<div class=\"elementor-container elementor-column-gap-extended\">\n\t\t\t\t\t\t\t<div class=\"elementor-row\">\n\t\t\t\t\t<div class=\"elementor-column elementor-col-100 elementor-top-column elementor-element elementor-element-0a347cd sc_inner_width_none sc_content_align_inherit sc_layouts_column_icons_position_left sc_fly_static\" data-id=\"0a347cd\" data-element_type=\"column\">\n\t\t\t<div class=\"elementor-column-wrap elementor-element-populated\">\n\t\t\t\t\t\t\t<div class=\"elementor-widget-wrap\">\n\t\t\t\t\t\t<div class=\"elementor-element elementor-element-d4756c6 elementor-widget-divider--view-line animation_type_block sc_fly_static elementor-widget elementor-widget-divider\" data-id=\"d4756c6\" data-element_type=\"widget\" data-widget_type=\"divider.default\">\n\t\t\t\t<div class=\"elementor-widget-container\">\n\t\t\t\t\t<div class=\"elementor-divider\">\n\t\t\t<span class=\"elementor-divider-separator\">\n\t\t\t\t\t\t<\/span>\n\t\t<\/div>\n\t\t\t\t<\/div>\n\t\t\t\t<\/div>\n\t\t\t\t<div class=\"elementor-element elementor-element-3ed54b4 animation_type_block sc_fly_static elementor-widget elementor-widget-trx_sc_blogger\" data-id=\"3ed54b4\" data-element_type=\"widget\" data-widget_type=\"trx_sc_blogger.default\">\n\t\t\t\t<div class=\"elementor-widget-container\">\n\t\t\t<div \t\tclass=\"sc_blogger sc_blogger_illustration sc_blogger_illustration_classic_simple sc_item_filters_tabs_none alignnone\"><div class=\"sc_blogger_columns_wrap sc_item_columns sc_item_posts_container trx_addons_columns_wrap columns_padding_bottom columns_in_single_row\"><div class=\"trx_addons_column-1_3\"><div data-post-id=\"580\" data-item-number=\"1\" class=\"sc_blogger_item sc_item_container post_container sc_blogger_item_illustration sc_blogger_item_illustration_classic_simple sc_blogger_item_odd sc_blogger_item_align_none post_format_standard sc_blogger_item_with_image sc_blogger_item_no_excerpt sc_blogger_item_image_position_top post-580 cpt_portfolio type-cpt_portfolio status-publish has-post-thumbnail hentry cpt_portfolio_group-activites cpt_portfolio_group-theatre\"><div class=\"sc_blogger_item_body\"><div class=\"post_featured with_thumb hover_extra sc_item_featured sc_blogger_item_featured\"><img loading=\"lazy\" decoding=\"async\" width=\"370\" height=\"208\" src=\"https:\/\/carrefourdespatrimoines.fr\/wp-content\/uploads\/2021\/11\/19_Don_Quijote-370x208.jpg\" class=\"attachment-confix-thumb-med size-confix-thumb-med wp-post-image\" alt=\"\" srcset=\"https:\/\/carrefourdespatrimoines.fr\/wp-content\/uploads\/2021\/11\/19_Don_Quijote-370x208.jpg 370w, https:\/\/carrefourdespatrimoines.fr\/wp-content\/uploads\/2021\/11\/19_Don_Quijote-1170x658.jpg 1170w, https:\/\/carrefourdespatrimoines.fr\/wp-content\/uploads\/2021\/11\/19_Don_Quijote-270x152.jpg 270w\" sizes=\"auto, (max-width: 767px) 100vw, 370px\" \/>\t\t\t\t\t\t<div class=\"mask\"><\/div>\n\t\t\t\t\t\t\t\t\t<a href=\"https:\/\/carrefourdespatrimoines.fr\/?cpt_portfolio=le-theatre\"  aria-hidden=\"true\" class=\"extra\"><img decoding=\"async\" src=\"https:\/\/carrefourdespatrimoines.fr\/wp-content\/themes\/confix\/skins\/default\/images\/eye-open.png\" alt=\"#\"><\/a>\n\t\t\t<div class=\"post_info_br\"><h5 class=\"sc_blogger_item_title entry-title\" data-item-number=\"1\"><a href=\"https:\/\/carrefourdespatrimoines.fr\/?cpt_portfolio=le-theatre\" rel=\"bookmark\">Le th\u00e9\u00e2tre<\/a><\/h5><div class=\"sc_blogger_item_button sc_item_button\"><a href=\"https:\/\/carrefourdespatrimoines.fr\/?cpt_portfolio=le-theatre\" class=\"sc_button sc_button_simple\">En savoir plus...<\/a><\/div><\/div><a class=\"post_link sc_blogger_item_link\" href=\"https:\/\/carrefourdespatrimoines.fr\/?cpt_portfolio=le-theatre\"><\/a><\/div><\/div><\/div><\/div><div class=\"trx_addons_column-1_3\"><div data-post-id=\"619\" data-item-number=\"2\" class=\"sc_blogger_item sc_item_container post_container sc_blogger_item_illustration sc_blogger_item_illustration_classic_simple sc_blogger_item_even sc_blogger_item_align_none post_format_standard sc_blogger_item_with_image sc_blogger_item_no_excerpt sc_blogger_item_image_position_top post-619 cpt_portfolio type-cpt_portfolio status-publish has-post-thumbnail hentry cpt_portfolio_group-activites cpt_portfolio_group-edition\"><div class=\"sc_blogger_item_body\"><div class=\"post_featured with_thumb hover_extra sc_item_featured sc_blogger_item_featured\"><img loading=\"lazy\" decoding=\"async\" width=\"370\" height=\"208\" src=\"https:\/\/carrefourdespatrimoines.fr\/wp-content\/uploads\/2019\/08\/livre-interieur-chroniques-370x208.jpg\" class=\"attachment-confix-thumb-med size-confix-thumb-med wp-post-image\" alt=\"\" srcset=\"https:\/\/carrefourdespatrimoines.fr\/wp-content\/uploads\/2019\/08\/livre-interieur-chroniques-370x208.jpg 370w, https:\/\/carrefourdespatrimoines.fr\/wp-content\/uploads\/2019\/08\/livre-interieur-chroniques-1170x658.jpg 1170w, https:\/\/carrefourdespatrimoines.fr\/wp-content\/uploads\/2019\/08\/livre-interieur-chroniques-270x152.jpg 270w\" sizes=\"auto, (max-width: 767px) 100vw, 370px\" \/>\t\t\t\t\t\t<div class=\"mask\"><\/div>\n\t\t\t\t\t\t\t\t\t<a href=\"https:\/\/carrefourdespatrimoines.fr\/?cpt_portfolio=les-editions\"  aria-hidden=\"true\" class=\"extra\"><img decoding=\"async\" src=\"https:\/\/carrefourdespatrimoines.fr\/wp-content\/themes\/confix\/skins\/default\/images\/eye-open.png\" alt=\"#\"><\/a>\n\t\t\t<div class=\"post_info_br\"><h5 class=\"sc_blogger_item_title entry-title\" data-item-number=\"2\"><a href=\"https:\/\/carrefourdespatrimoines.fr\/?cpt_portfolio=les-editions\" rel=\"bookmark\">Les \u00e9ditions<\/a><\/h5><div class=\"sc_blogger_item_button sc_item_button\"><a href=\"https:\/\/carrefourdespatrimoines.fr\/?cpt_portfolio=les-editions\" class=\"sc_button sc_button_simple\">En savoir plus...<\/a><\/div><\/div><a class=\"post_link sc_blogger_item_link\" href=\"https:\/\/carrefourdespatrimoines.fr\/?cpt_portfolio=les-editions\"><\/a><\/div><\/div><\/div><\/div><div class=\"trx_addons_column-1_3\"><div data-post-id=\"620\" data-item-number=\"3\" class=\"sc_blogger_item sc_item_container post_container sc_blogger_item_illustration sc_blogger_item_illustration_classic_simple sc_blogger_item_odd sc_blogger_item_align_none post_format_standard sc_blogger_item_with_image sc_blogger_item_no_excerpt sc_blogger_item_image_position_top post-620 cpt_portfolio type-cpt_portfolio status-publish has-post-thumbnail hentry cpt_portfolio_group-activites\"><div class=\"sc_blogger_item_body\"><div class=\"post_featured with_thumb hover_extra sc_item_featured sc_blogger_item_featured\"><img loading=\"lazy\" decoding=\"async\" width=\"370\" height=\"208\" src=\"https:\/\/carrefourdespatrimoines.fr\/wp-content\/uploads\/2019\/08\/VGA6646-370x208.jpg\" class=\"attachment-confix-thumb-med size-confix-thumb-med wp-post-image\" alt=\"\" srcset=\"https:\/\/carrefourdespatrimoines.fr\/wp-content\/uploads\/2019\/08\/VGA6646-370x208.jpg 370w, https:\/\/carrefourdespatrimoines.fr\/wp-content\/uploads\/2019\/08\/VGA6646-1170x658.jpg 1170w, https:\/\/carrefourdespatrimoines.fr\/wp-content\/uploads\/2019\/08\/VGA6646-270x152.jpg 270w\" sizes=\"auto, (max-width: 767px) 100vw, 370px\" \/>\t\t\t\t\t\t<div class=\"mask\"><\/div>\n\t\t\t\t\t\t\t\t\t<a href=\"https:\/\/carrefourdespatrimoines.fr\/?cpt_portfolio=les-aquarelles\"  aria-hidden=\"true\" class=\"extra\"><img decoding=\"async\" src=\"https:\/\/carrefourdespatrimoines.fr\/wp-content\/themes\/confix\/skins\/default\/images\/eye-open.png\" alt=\"#\"><\/a>\n\t\t\t<div class=\"post_info_br\"><h5 class=\"sc_blogger_item_title entry-title\" data-item-number=\"3\"><a href=\"https:\/\/carrefourdespatrimoines.fr\/?cpt_portfolio=les-aquarelles\" rel=\"bookmark\">Les Aquarelles<\/a><\/h5><div class=\"sc_blogger_item_button sc_item_button\"><a href=\"https:\/\/carrefourdespatrimoines.fr\/?cpt_portfolio=les-aquarelles\" class=\"sc_button sc_button_simple\">En savoir plus...<\/a><\/div><\/div><a class=\"post_link sc_blogger_item_link\" href=\"https:\/\/carrefourdespatrimoines.fr\/?cpt_portfolio=les-aquarelles\"><\/a><\/div><\/div><\/div><\/div><\/div><\/div>\t\t<\/div>\n\t\t\t\t<\/div>\n\t\t\t\t\t\t<\/div>\n\t\t\t\t\t<\/div>\n\t\t<\/div>\n\t\t\t\t\t\t\t\t<\/div>\n\t\t\t\t\t<\/div>\n\t\t<\/section>\n\t\t\t\t\t\t\t\t\t<\/div>\n\t\t\t<\/div>\n\t\t\t\t\t<\/div>\n\t\t","protected":false},"excerpt":{"rendered":"<p>Soci\u00e9t\u00e9 des Amis de Mme Campan Notre association \u00ab les Amis de Madame Campan \u00bb s\u2019active depuis 20 ans maintenant pour maintenir vivante une culture locale et la m\u00e9moire de&hellip;<\/p>\n","protected":false},"author":1,"featured_media":0,"parent":0,"menu_order":0,"comment_status":"closed","ping_status":"closed","template":"","meta":{"footnotes":""},"class_list":["post-2680","page","type-page","status-publish","hentry"],"_links":{"self":[{"href":"https:\/\/carrefourdespatrimoines.fr\/index.php?rest_route=\/wp\/v2\/pages\/2680","targetHints":{"allow":["GET"]}}],"collection":[{"href":"https:\/\/carrefourdespatrimoines.fr\/index.php?rest_route=\/wp\/v2\/pages"}],"about":[{"href":"https:\/\/carrefourdespatrimoines.fr\/index.php?rest_route=\/wp\/v2\/types\/page"}],"author":[{"embeddable":true,"href":"https:\/\/carrefourdespatrimoines.fr\/index.php?rest_route=\/wp\/v2\/users\/1"}],"replies":[{"embeddable":true,"href":"https:\/\/carrefourdespatrimoines.fr\/index.php?rest_route=%2Fwp%2Fv2%2Fcomments&post=2680"}],"version-history":[{"count":73,"href":"https:\/\/carrefourdespatrimoines.fr\/index.php?rest_route=\/wp\/v2\/pages\/2680\/revisions"}],"predecessor-version":[{"id":6482,"href":"https:\/\/carrefourdespatrimoines.fr\/index.php?rest_route=\/wp\/v2\/pages\/2680\/revisions\/6482"}],"wp:attachment":[{"href":"https:\/\/carrefourdespatrimoines.fr\/index.php?rest_route=%2Fwp%2Fv2%2Fmedia&parent=2680"}],"curies":[{"name":"wp","href":"https:\/\/api.w.org\/{rel}","templated":true}]}}